{"id":1816,"date":"2021-11-09T08:36:39","date_gmt":"2021-11-09T01:36:39","guid":{"rendered":"https:\/\/nopuri.com\/wealth-management\/"},"modified":"2026-01-16T15:09:13","modified_gmt":"2026-01-16T08:09:13","slug":"wealth-management","status":"publish","type":"page","link":"https:\/\/nopuri.com\/fr\/wealth-management\/","title":{"rendered":"Conseil en Ing\u00e9nierie Patrimoniale"},"content":{"rendered":"\t\t<div data-elementor-type=\"wp-page\" data-elementor-id=\"1816\" class=\"elementor elementor-1816 elementor-12\" data-elementor-post-type=\"page\">\n\t\t\t\t<div class=\"elementor-element elementor-element-d72f691 e-con-full e-flex e-con e-parent\" data-id=\"d72f691\" data-element_type=\"container\" data-e-type=\"container\" data-settings=\"{&quot;background_background&quot;:&quot;classic&quot;}\">\n\t\t<div class=\"elementor-element elementor-element-b302fed e-con-full e-flex e-con e-child\" data-id=\"b302fed\" data-element_type=\"container\" data-e-type=\"container\">\n\t\t\t\t<\/div>\n\t\t\t\t<\/div>\n\t\t<div class=\"elementor-element elementor-element-9bd6064 e-flex e-con-boxed e-con e-parent\" data-id=\"9bd6064\" data-element_type=\"container\" data-e-type=\"container\" data-settings=\"{&quot;background_background&quot;:&quot;classic&quot;}\">\n\t\t\t\t\t<div class=\"e-con-inner\">\n\t\t<div class=\"elementor-element elementor-element-c737838 e-con-full e-flex elementor-invisible e-con e-child\" data-id=\"c737838\" data-element_type=\"container\" data-e-type=\"container\" data-settings=\"{&quot;animation&quot;:&quot;fadeInDown&quot;}\">\n\t\t\t\t<div class=\"elementor-element elementor-element-c0d2413 animated-slow elementor-invisible elementor-widget elementor-widget-image\" data-id=\"c0d2413\" data-element_type=\"widget\" data-e-type=\"widget\" data-settings=\"{&quot;_animation&quot;:&quot;fadeInDown&quot;}\" data-widget_type=\"image.default\">\n\t\t\t\t\t\t\t\t\t\t\t\t\t\t\t<img fetchpriority=\"high\" decoding=\"async\" width=\"960\" height=\"640\" src=\"https:\/\/nopuri.com\/wp-content\/uploads\/2021\/12\/Personal-Wealth-Management-12.jpg\" class=\"attachment-full size-full wp-image-901\" alt=\"\" srcset=\"https:\/\/nopuri.com\/wp-content\/uploads\/2021\/12\/Personal-Wealth-Management-12.jpg 960w, https:\/\/nopuri.com\/wp-content\/uploads\/2021\/12\/Personal-Wealth-Management-12-300x200.jpg 300w, https:\/\/nopuri.com\/wp-content\/uploads\/2021\/12\/Personal-Wealth-Management-12-768x512.jpg 768w\" sizes=\"(max-width: 960px) 100vw, 960px\" \/>\t\t\t\t\t\t\t\t\t\t\t\t\t\t\t<\/div>\n\t\t\t\t<\/div>\n\t\t<div class=\"elementor-element elementor-element-b0852d6 animated-slow e-con-full e-flex elementor-invisible e-con e-child\" data-id=\"b0852d6\" data-element_type=\"container\" data-e-type=\"container\" data-settings=\"{&quot;animation&quot;:&quot;fadeInDown&quot;}\">\n\t\t\t\t<div class=\"elementor-element elementor-element-f92da31 animated-slow elementor-invisible elementor-widget elementor-widget-heading\" data-id=\"f92da31\" data-element_type=\"widget\" data-e-type=\"widget\" data-settings=\"{&quot;_animation&quot;:&quot;fadeInDown&quot;}\" data-widget_type=\"heading.default\">\n\t\t\t\t\t<h5 class=\"elementor-heading-title elementor-size-default\">Patrimoine Priv\u00e9 et Planification Successorale.<\/h5>\t\t\t\t<\/div>\n\t\t\t\t<div class=\"elementor-element elementor-element-f37a56a animated-slow elementor-invisible elementor-widget elementor-widget-text-editor\" data-id=\"f37a56a\" data-element_type=\"widget\" data-e-type=\"widget\" data-settings=\"{&quot;_animation&quot;:&quot;fadeInDown&quot;}\" data-widget_type=\"text-editor.default\">\n\t\t\t\t\t\t\t\t\t<p style=\"text-align: center;\"><strong>Pr\u00e9server votre h\u00e9ritage avec int\u00e9grit\u00e9.<\/strong> <br \/>Nous proposons une planification successorale sophistiqu\u00e9e con\u00e7ue pour assurer une transition fluide des actifs pour vos proches. Qu&rsquo;il s&rsquo;agisse de g\u00e9rer des successions pour des b\u00e9n\u00e9ficiaires ou de structurer des h\u00e9ritages familiaux \u00e0 long terme, notre conseil garantit la clart\u00e9 juridique et la r\u00e9silience financi\u00e8re pour ceux qui vous sont les plus chers. <\/p>\t\t\t\t\t\t\t\t<\/div>\n\t\t\t\t<\/div>\n\t\t\t\t\t<\/div>\n\t\t\t\t<\/div>\n\t\t<div class=\"elementor-element elementor-element-518a29c e-flex e-con-boxed e-con e-parent\" data-id=\"518a29c\" data-element_type=\"container\" data-e-type=\"container\" data-settings=\"{&quot;background_background&quot;:&quot;classic&quot;}\">\n\t\t\t\t\t<div class=\"e-con-inner\">\n\t\t<div class=\"elementor-element elementor-element-ad5d0a2 animated-slow e-con-full e-flex elementor-invisible e-con e-child\" data-id=\"ad5d0a2\" data-element_type=\"container\" data-e-type=\"container\" data-settings=\"{&quot;animation&quot;:&quot;fadeInDown&quot;}\">\n\t\t\t\t<div class=\"elementor-element elementor-element-0a1395e animated-slow elementor-invisible elementor-widget elementor-widget-heading\" data-id=\"0a1395e\" data-element_type=\"widget\" data-e-type=\"widget\" data-settings=\"{&quot;_animation&quot;:&quot;fadeInDown&quot;}\" data-widget_type=\"heading.default\">\n\t\t\t\t\t<h5 class=\"elementor-heading-title elementor-size-default\">Acquisition et Gestion d'Actifs Strat\u00e9giques.<\/h5>\t\t\t\t<\/div>\n\t\t\t\t<div class=\"elementor-element elementor-element-95199a6 animated-slow elementor-invisible elementor-widget elementor-widget-text-editor\" data-id=\"95199a6\" data-element_type=\"widget\" data-e-type=\"widget\" data-settings=\"{&quot;_animation&quot;:&quot;fadeInDown&quot;}\" data-widget_type=\"text-editor.default\">\n\t\t\t\t\t\t\t\t\t<p><strong>Curater des actifs de haute valeur et des int\u00e9r\u00eats de prestige.<\/strong> <br \/>De l&rsquo;immobilier de luxe aux complexit\u00e9s de la possession d&rsquo;un yacht, nous g\u00e9rons l&rsquo;int\u00e9gralit\u00e9 du cycle de vie de vos actifs premium. Nos services englobent l&rsquo;audit pr\u00e9alable, l&rsquo;approvisionnement et le financement d&rsquo;actifs, garantissant que chaque acquisition s&rsquo;aligne avec votre prestige personnel et vos objectifs financiers. <\/p>\t\t\t\t\t\t\t\t<\/div>\n\t\t\t\t<\/div>\n\t\t<div class=\"elementor-element elementor-element-241d277 e-con-full e-flex elementor-invisible e-con e-child\" data-id=\"241d277\" data-element_type=\"container\" data-e-type=\"container\" data-settings=\"{&quot;animation&quot;:&quot;fadeInDown&quot;}\">\n\t\t\t\t<div class=\"elementor-element elementor-element-9be0165 animated-slow elementor-invisible elementor-widget elementor-widget-image\" data-id=\"9be0165\" data-element_type=\"widget\" data-e-type=\"widget\" data-settings=\"{&quot;_animation&quot;:&quot;fadeInDown&quot;}\" data-widget_type=\"image.default\">\n\t\t\t\t\t\t\t\t\t\t\t\t\t\t\t<img decoding=\"async\" width=\"960\" height=\"640\" src=\"https:\/\/nopuri.com\/wp-content\/uploads\/2021\/12\/Luxury-Real-Estate-Ownership-13.jpg\" class=\"attachment-full size-full wp-image-902\" alt=\"\" srcset=\"https:\/\/nopuri.com\/wp-content\/uploads\/2021\/12\/Luxury-Real-Estate-Ownership-13.jpg 960w, https:\/\/nopuri.com\/wp-content\/uploads\/2021\/12\/Luxury-Real-Estate-Ownership-13-300x200.jpg 300w, https:\/\/nopuri.com\/wp-content\/uploads\/2021\/12\/Luxury-Real-Estate-Ownership-13-768x512.jpg 768w\" sizes=\"(max-width: 960px) 100vw, 960px\" \/>\t\t\t\t\t\t\t\t\t\t\t\t\t\t\t<\/div>\n\t\t\t\t<\/div>\n\t\t\t\t\t<\/div>\n\t\t\t\t<\/div>\n\t\t<div class=\"elementor-element elementor-element-ba3577d e-flex e-con-boxed e-con e-parent\" data-id=\"ba3577d\" data-element_type=\"container\" data-e-type=\"container\" data-settings=\"{&quot;background_background&quot;:&quot;classic&quot;}\">\n\t\t\t\t\t<div class=\"e-con-inner\">\n\t\t<div class=\"elementor-element elementor-element-d6600a4 e-con-full e-flex elementor-invisible e-con e-child\" data-id=\"d6600a4\" data-element_type=\"container\" data-e-type=\"container\" data-settings=\"{&quot;animation&quot;:&quot;fadeInDown&quot;}\">\n\t\t\t\t<div class=\"elementor-element elementor-element-7478d63 animated-slow elementor-invisible elementor-widget elementor-widget-image\" data-id=\"7478d63\" data-element_type=\"widget\" data-e-type=\"widget\" data-settings=\"{&quot;_animation&quot;:&quot;fadeInDown&quot;}\" data-widget_type=\"image.default\">\n\t\t\t\t\t\t\t\t\t\t\t\t\t\t\t<img decoding=\"async\" width=\"960\" height=\"640\" src=\"https:\/\/nopuri.com\/wp-content\/uploads\/2021\/12\/Luxury-Real-Estate-Ownership-14.jpg\" class=\"attachment-full size-full wp-image-903\" alt=\"\" srcset=\"https:\/\/nopuri.com\/wp-content\/uploads\/2021\/12\/Luxury-Real-Estate-Ownership-14.jpg 960w, https:\/\/nopuri.com\/wp-content\/uploads\/2021\/12\/Luxury-Real-Estate-Ownership-14-300x200.jpg 300w, https:\/\/nopuri.com\/wp-content\/uploads\/2021\/12\/Luxury-Real-Estate-Ownership-14-768x512.jpg 768w\" sizes=\"(max-width: 960px) 100vw, 960px\" \/>\t\t\t\t\t\t\t\t\t\t\t\t\t\t\t<\/div>\n\t\t\t\t<\/div>\n\t\t<div class=\"elementor-element elementor-element-6a66f19 animated-slow e-con-full e-flex elementor-invisible e-con e-child\" data-id=\"6a66f19\" data-element_type=\"container\" data-e-type=\"container\" data-settings=\"{&quot;animation&quot;:&quot;fadeInDown&quot;}\">\n\t\t\t\t<div class=\"elementor-element elementor-element-5d3f7a8 animated-slow elementor-invisible elementor-widget elementor-widget-heading\" data-id=\"5d3f7a8\" data-element_type=\"widget\" data-e-type=\"widget\" data-settings=\"{&quot;_animation&quot;:&quot;fadeInDown&quot;}\" data-widget_type=\"heading.default\">\n\t\t\t\t\t<h5 class=\"elementor-heading-title elementor-size-default\">Gouvernance d'Actifs Transfrontaliers.<\/h5>\t\t\t\t<\/div>\n\t\t\t\t<div class=\"elementor-element elementor-element-8643c38 animated-slow elementor-invisible elementor-widget elementor-widget-text-editor\" data-id=\"8643c38\" data-element_type=\"widget\" data-e-type=\"widget\" data-settings=\"{&quot;_animation&quot;:&quot;fadeInDown&quot;}\" data-widget_type=\"text-editor.default\">\n\t\t\t\t\t\t\t\t\t<p style=\"text-align: center;\"><strong>Gestion mondiale pour portefeuilles diversifi\u00e9s.<\/strong> <br \/>Nous nous sp\u00e9cialisons dans la gouvernance d&rsquo;actifs internationaux et la structuration d&rsquo;investissements transfrontaliers. Notre priorit\u00e9 est d&rsquo;att\u00e9nuer les risques juridictionnels et d&rsquo;optimiser les consid\u00e9rations fiscales \u00e9trang\u00e8res, offrant un pont s\u00e9curis\u00e9 entre vos int\u00e9r\u00eats mondiaux et les exigences r\u00e9glementaires tha\u00eflandaises.<\/p>\t\t\t\t\t\t\t\t<\/div>\n\t\t\t\t<\/div>\n\t\t\t\t\t<\/div>\n\t\t\t\t<\/div>\n\t\t<div class=\"elementor-element elementor-element-020b88b e-flex e-con-boxed e-con e-parent\" data-id=\"020b88b\" data-element_type=\"container\" data-e-type=\"container\">\n\t\t\t\t\t<div class=\"e-con-inner\">\n\t\t\t\t<div class=\"elementor-element elementor-element-58e1d4a elementor-align-center elementor-widget elementor-widget-button\" data-id=\"58e1d4a\" data-element_type=\"widget\" data-e-type=\"widget\" data-widget_type=\"button.default\">\n\t\t\t\t\t\t\t\t\t\t<a class=\"elementor-button elementor-button-link elementor-size-sm\" href=\"https:\/\/nopuri.com\/fr\/contact-us\/\">\n\t\t\t\t\t\t<span class=\"elementor-button-content-wrapper\">\n\t\t\t\t\t\t\t\t\t<span class=\"elementor-button-text\">Lancer une consultation strat\u00e9gique<\/span>\n\t\t\t\t\t<\/span>\n\t\t\t\t\t<\/a>\n\t\t\t\t\t\t\t\t<\/div>\n\t\t\t\t\t<\/div>\n\t\t\t\t<\/div>\n\t\t\t\t<\/div>\n\t\t","protected":false},"excerpt":{"rendered":"<p>Patrimoine Priv\u00e9 et Planification Successorale. Pr\u00e9server votre h\u00e9ritage avec int\u00e9grit\u00e9. Nous proposons une planification successorale sophistiqu\u00e9e con\u00e7ue pour assurer une transition fluide des actifs pour vos proches. Qu&rsquo;il s&rsquo;agisse de g\u00e9rer des successions pour des b\u00e9n\u00e9ficiaires ou de structurer des h\u00e9ritages familiaux \u00e0 long terme, notre conseil garantit la clart\u00e9 juridique et la r\u00e9silience financi\u00e8re [&hellip;]<\/p>\n","protected":false},"author":1,"featured_media":0,"parent":0,"menu_order":0,"comment_status":"closed","ping_status":"closed","template":"","meta":{"footnotes":""},"class_list":["post-1816","page","type-page","status-publish","hentry"],"_links":{"self":[{"href":"https:\/\/nopuri.com\/fr\/wp-json\/wp\/v2\/pages\/1816","targetHints":{"allow":["GET"]}}],"collection":[{"href":"https:\/\/nopuri.com\/fr\/wp-json\/wp\/v2\/pages"}],"about":[{"href":"https:\/\/nopuri.com\/fr\/wp-json\/wp\/v2\/types\/page"}],"author":[{"embeddable":true,"href":"https:\/\/nopuri.com\/fr\/wp-json\/wp\/v2\/users\/1"}],"replies":[{"embeddable":true,"href":"https:\/\/nopuri.com\/fr\/wp-json\/wp\/v2\/comments?post=1816"}],"version-history":[{"count":13,"href":"https:\/\/nopuri.com\/fr\/wp-json\/wp\/v2\/pages\/1816\/revisions"}],"predecessor-version":[{"id":2059,"href":"https:\/\/nopuri.com\/fr\/wp-json\/wp\/v2\/pages\/1816\/revisions\/2059"}],"wp:attachment":[{"href":"https:\/\/nopuri.com\/fr\/wp-json\/wp\/v2\/media?parent=1816"}],"curies":[{"name":"wp","href":"https:\/\/api.w.org\/{rel}","templated":true}]}}