{"id":1812,"date":"2025-12-26T00:34:44","date_gmt":"2025-12-25T17:34:44","guid":{"rendered":"https:\/\/nopuri.com\/legal-strategic-advisory\/"},"modified":"2026-01-13T16:15:42","modified_gmt":"2026-01-13T09:15:42","slug":"legal-strategic-advisory","status":"publish","type":"page","link":"https:\/\/nopuri.com\/fr\/legal-strategic-advisory\/","title":{"rendered":"Conseil Juridique et Strat\u00e9gique"},"content":{"rendered":"\t\t<div data-elementor-type=\"wp-page\" data-elementor-id=\"1812\" class=\"elementor elementor-1812 elementor-1458\" data-elementor-post-type=\"page\">\n\t\t\t\t<div class=\"elementor-element elementor-element-8704c1f e-con-full e-flex e-con e-parent\" data-id=\"8704c1f\" data-element_type=\"container\" data-e-type=\"container\" data-settings=\"{&quot;background_background&quot;:&quot;classic&quot;}\">\n\t\t<div class=\"elementor-element elementor-element-9042cf1 e-con-full e-flex e-con e-child\" data-id=\"9042cf1\" data-element_type=\"container\" data-e-type=\"container\">\n\t\t\t\t<\/div>\n\t\t\t\t<\/div>\n\t\t<div class=\"elementor-element elementor-element-2a53e20 e-flex e-con-boxed e-con e-parent\" data-id=\"2a53e20\" data-element_type=\"container\" data-e-type=\"container\" data-settings=\"{&quot;background_background&quot;:&quot;classic&quot;}\">\n\t\t\t\t\t<div class=\"e-con-inner\">\n\t\t<div class=\"elementor-element elementor-element-788e278 e-con-full e-flex elementor-invisible e-con e-child\" data-id=\"788e278\" data-element_type=\"container\" data-e-type=\"container\" data-settings=\"{&quot;animation&quot;:&quot;fadeInDown&quot;}\">\n\t\t\t\t<div class=\"elementor-element elementor-element-82276da animated-slow elementor-invisible elementor-widget elementor-widget-image\" data-id=\"82276da\" data-element_type=\"widget\" data-e-type=\"widget\" data-settings=\"{&quot;_animation&quot;:&quot;fadeInDown&quot;}\" data-widget_type=\"image.default\">\n\t\t\t\t\t\t\t\t\t\t\t\t\t\t\t<img fetchpriority=\"high\" decoding=\"async\" width=\"960\" height=\"639\" src=\"https:\/\/nopuri.com\/wp-content\/uploads\/2026\/01\/M_A-Deal-Investment-Advisory_0.jpg\" class=\"attachment-full size-full wp-image-1738\" alt=\"\" srcset=\"https:\/\/nopuri.com\/wp-content\/uploads\/2026\/01\/M_A-Deal-Investment-Advisory_0.jpg 960w, https:\/\/nopuri.com\/wp-content\/uploads\/2026\/01\/M_A-Deal-Investment-Advisory_0-300x200.jpg 300w, https:\/\/nopuri.com\/wp-content\/uploads\/2026\/01\/M_A-Deal-Investment-Advisory_0-768x511.jpg 768w\" sizes=\"(max-width: 960px) 100vw, 960px\" \/>\t\t\t\t\t\t\t\t\t\t\t\t\t\t\t<\/div>\n\t\t\t\t<\/div>\n\t\t<div class=\"elementor-element elementor-element-c764a07 animated-slow e-con-full e-flex elementor-invisible e-con e-child\" data-id=\"c764a07\" data-element_type=\"container\" data-e-type=\"container\" data-settings=\"{&quot;animation&quot;:&quot;fadeInDown&quot;}\">\n\t\t\t\t<div class=\"elementor-element elementor-element-906b3fa animated-slow elementor-invisible elementor-widget elementor-widget-heading\" data-id=\"906b3fa\" data-element_type=\"widget\" data-e-type=\"widget\" data-settings=\"{&quot;_animation&quot;:&quot;fadeInDown&quot;}\" data-widget_type=\"heading.default\">\n\t\t\t\t\t<h5 class=\"elementor-heading-title elementor-size-default\">Fusions et Acquisitions (M&amp;A), Conseil en Transaction et Investissement<\/h5>\t\t\t\t<\/div>\n\t\t\t\t<div class=\"elementor-element elementor-element-2e32371 animated-slow elementor-invisible elementor-widget elementor-widget-text-editor\" data-id=\"2e32371\" data-element_type=\"widget\" data-e-type=\"widget\" data-settings=\"{&quot;_animation&quot;:&quot;fadeInDown&quot;}\" data-widget_type=\"text-editor.default\">\n\t\t\t\t\t\t\t\t\t<p><strong>Structuration strat\u00e9gique des transactions et excellence op\u00e9rationnelle.<\/strong> <br \/>Nous naviguons dans les complexit\u00e9s des fusions-acquisitions avec une perspective juridique orient\u00e9e business. Nos services couvrent la gestion de bout en bout des transactions, de l&rsquo;audit pr\u00e9alable sophistiqu\u00e9 et de l&rsquo;\u00e9valuation \u00e0 la n\u00e9gociation strat\u00e9gique et \u00e0 la cl\u00f4ture r\u00e9ussie. <\/p>\t\t\t\t\t\t\t\t<\/div>\n\t\t\t\t<\/div>\n\t\t\t\t\t<\/div>\n\t\t\t\t<\/div>\n\t\t<div class=\"elementor-element elementor-element-d752831 e-flex e-con-boxed e-con e-parent\" data-id=\"d752831\" data-element_type=\"container\" data-e-type=\"container\" data-settings=\"{&quot;background_background&quot;:&quot;classic&quot;}\">\n\t\t\t\t\t<div class=\"e-con-inner\">\n\t\t<div class=\"elementor-element elementor-element-59d835f animated-slow e-con-full e-flex elementor-invisible e-con e-child\" data-id=\"59d835f\" data-element_type=\"container\" data-e-type=\"container\" data-settings=\"{&quot;animation&quot;:&quot;fadeInDown&quot;}\">\n\t\t\t\t<div class=\"elementor-element elementor-element-a97ca64 animated-slow elementor-invisible elementor-widget elementor-widget-heading\" data-id=\"a97ca64\" data-element_type=\"widget\" data-e-type=\"widget\" data-settings=\"{&quot;_animation&quot;:&quot;fadeInDown&quot;}\" data-widget_type=\"heading.default\">\n\t\t\t\t\t<h5 class=\"elementor-heading-title elementor-size-default\">Conseil en Contrats et Affaires Commerciales.<\/h5>\t\t\t\t<\/div>\n\t\t\t\t<div class=\"elementor-element elementor-element-8b3ae44 animated-slow elementor-invisible elementor-widget elementor-widget-text-editor\" data-id=\"8b3ae44\" data-element_type=\"widget\" data-e-type=\"widget\" data-settings=\"{&quot;_animation&quot;:&quot;fadeInDown&quot;}\" data-widget_type=\"text-editor.default\">\n\t\t\t\t\t\t\t\t\t<p><strong>Gouvernance globale des contrats commerciaux.<\/strong> <br \/>Nous assurons une r\u00e9daction m\u00e9ticuleuse et une r\u00e9vision rigoureuse d&rsquo;un large \u00e9ventail d&rsquo;instruments commerciaux pour sauvegarder vos int\u00e9r\u00eats. Nous traduisons les complexit\u00e9s juridiques en cadres op\u00e9rationnels s\u00e9curis\u00e9s et exploitables. <\/p>\t\t\t\t\t\t\t\t<\/div>\n\t\t\t\t<\/div>\n\t\t<div class=\"elementor-element elementor-element-8777781 e-con-full e-flex elementor-invisible e-con e-child\" data-id=\"8777781\" data-element_type=\"container\" data-e-type=\"container\" data-settings=\"{&quot;animation&quot;:&quot;fadeInDown&quot;}\">\n\t\t\t\t<div class=\"elementor-element elementor-element-28d9bcc animated-slow elementor-invisible elementor-widget elementor-widget-image\" data-id=\"28d9bcc\" data-element_type=\"widget\" data-e-type=\"widget\" data-settings=\"{&quot;_animation&quot;:&quot;fadeInDown&quot;}\" data-widget_type=\"image.default\">\n\t\t\t\t\t\t\t\t\t\t\t\t\t\t\t<img decoding=\"async\" width=\"960\" height=\"640\" src=\"https:\/\/nopuri.com\/wp-content\/uploads\/2026\/01\/Contracts-_-Commercial-Advisory_0.jpg\" class=\"attachment-full size-full wp-image-1741\" alt=\"\" srcset=\"https:\/\/nopuri.com\/wp-content\/uploads\/2026\/01\/Contracts-_-Commercial-Advisory_0.jpg 960w, https:\/\/nopuri.com\/wp-content\/uploads\/2026\/01\/Contracts-_-Commercial-Advisory_0-300x200.jpg 300w, https:\/\/nopuri.com\/wp-content\/uploads\/2026\/01\/Contracts-_-Commercial-Advisory_0-768x512.jpg 768w\" sizes=\"(max-width: 960px) 100vw, 960px\" \/>\t\t\t\t\t\t\t\t\t\t\t\t\t\t\t<\/div>\n\t\t\t\t<\/div>\n\t\t\t\t\t<\/div>\n\t\t\t\t<\/div>\n\t\t<div class=\"elementor-element elementor-element-667ceee e-flex e-con-boxed e-con e-parent\" data-id=\"667ceee\" data-element_type=\"container\" data-e-type=\"container\" data-settings=\"{&quot;background_background&quot;:&quot;classic&quot;}\">\n\t\t\t\t\t<div class=\"e-con-inner\">\n\t\t<div class=\"elementor-element elementor-element-04b6703 e-con-full e-flex elementor-invisible e-con e-child\" data-id=\"04b6703\" data-element_type=\"container\" data-e-type=\"container\" data-settings=\"{&quot;animation&quot;:&quot;fadeInDown&quot;}\">\n\t\t\t\t<div class=\"elementor-element elementor-element-f549103 animated-slow elementor-invisible elementor-widget elementor-widget-image\" data-id=\"f549103\" data-element_type=\"widget\" data-e-type=\"widget\" data-settings=\"{&quot;_animation&quot;:&quot;fadeInDown&quot;}\" data-widget_type=\"image.default\">\n\t\t\t\t\t\t\t\t\t\t\t\t\t\t\t<img decoding=\"async\" width=\"960\" height=\"640\" src=\"https:\/\/nopuri.com\/wp-content\/uploads\/2026\/01\/family-office-asset-structuring_0.jpg\" class=\"attachment-full size-full wp-image-1744\" alt=\"\" srcset=\"https:\/\/nopuri.com\/wp-content\/uploads\/2026\/01\/family-office-asset-structuring_0.jpg 960w, https:\/\/nopuri.com\/wp-content\/uploads\/2026\/01\/family-office-asset-structuring_0-300x200.jpg 300w, https:\/\/nopuri.com\/wp-content\/uploads\/2026\/01\/family-office-asset-structuring_0-768x512.jpg 768w\" sizes=\"(max-width: 960px) 100vw, 960px\" \/>\t\t\t\t\t\t\t\t\t\t\t\t\t\t\t<\/div>\n\t\t\t\t<\/div>\n\t\t<div class=\"elementor-element elementor-element-d0f8c05 animated-slow e-con-full e-flex elementor-invisible e-con e-child\" data-id=\"d0f8c05\" data-element_type=\"container\" data-e-type=\"container\" data-settings=\"{&quot;animation&quot;:&quot;fadeInDown&quot;}\">\n\t\t\t\t<div class=\"elementor-element elementor-element-dd300f2 animated-slow elementor-invisible elementor-widget elementor-widget-heading\" data-id=\"dd300f2\" data-element_type=\"widget\" data-e-type=\"widget\" data-settings=\"{&quot;_animation&quot;:&quot;fadeInDown&quot;}\" data-widget_type=\"heading.default\">\n\t\t\t\t\t<h5 class=\"elementor-heading-title elementor-size-default\">Family Office et Structuration d'Actifs.<\/h5>\t\t\t\t<\/div>\n\t\t\t\t<div class=\"elementor-element elementor-element-d50e510 animated-slow elementor-invisible elementor-widget elementor-widget-text-editor\" data-id=\"d50e510\" data-element_type=\"widget\" data-e-type=\"widget\" data-settings=\"{&quot;_animation&quot;:&quot;fadeInDown&quot;}\" data-widget_type=\"text-editor.default\">\n\t\t\t\t\t\t\t\t\t<p><strong>Gouvernance holistique pour actifs corporatifs et priv\u00e9s.<\/strong> <br \/>Nous nous sp\u00e9cialisons dans la restructuration d&rsquo;entreprises et la gestion sophistiqu\u00e9e d&rsquo;actifs familiaux. Notre conseil fait le pont entre les op\u00e9rations commerciales et le patrimoine priv\u00e9, garantissant une r\u00e9silience \u00e0 long terme. <\/p>\t\t\t\t\t\t\t\t<\/div>\n\t\t\t\t<\/div>\n\t\t\t\t\t<\/div>\n\t\t\t\t<\/div>\n\t\t<div class=\"elementor-element elementor-element-441e148 e-flex e-con-boxed e-con e-parent\" data-id=\"441e148\" data-element_type=\"container\" data-e-type=\"container\" data-settings=\"{&quot;background_background&quot;:&quot;classic&quot;}\">\n\t\t\t\t\t<div class=\"e-con-inner\">\n\t\t<div class=\"elementor-element elementor-element-b461d84 animated-slow e-con-full e-flex elementor-invisible e-con e-child\" data-id=\"b461d84\" data-element_type=\"container\" data-e-type=\"container\" data-settings=\"{&quot;animation&quot;:&quot;fadeInDown&quot;}\">\n\t\t\t\t<div class=\"elementor-element elementor-element-ea65fa3 animated-slow elementor-invisible elementor-widget elementor-widget-heading\" data-id=\"ea65fa3\" data-element_type=\"widget\" data-e-type=\"widget\" data-settings=\"{&quot;_animation&quot;:&quot;fadeInDown&quot;}\" data-widget_type=\"heading.default\">\n\t\t\t\t\t<h5 class=\"elementor-heading-title elementor-size-default\">Arbitrage, M\u00e9diation et Conseil en Litiges.<\/h5>\t\t\t\t<\/div>\n\t\t\t\t<div class=\"elementor-element elementor-element-cab520c animated-slow elementor-invisible elementor-widget elementor-widget-text-editor\" data-id=\"cab520c\" data-element_type=\"widget\" data-e-type=\"widget\" data-settings=\"{&quot;_animation&quot;:&quot;fadeInDown&quot;}\" data-widget_type=\"text-editor.default\">\n\t\t\t\t\t\t\t\t\t<p><strong>Solutions pragmatiques par la r\u00e9solution sp\u00e9cialis\u00e9e des conflits.<\/strong> <br \/>Nous pr\u00e9conisons une approche non contentieuse des litiges commerciaux, en nous concentrant sur la pr\u00e9servation des relations et la minimisation des risques. En tant que m\u00e9diateurs agr\u00e9\u00e9s et arbitres inscrits, nous fournissons des services sur mesure pour r\u00e9soudre efficacement les conflits commerciaux complexes. <\/p>\t\t\t\t\t\t\t\t<\/div>\n\t\t\t\t<\/div>\n\t\t<div class=\"elementor-element elementor-element-9691803 e-con-full e-flex elementor-invisible e-con e-child\" data-id=\"9691803\" data-element_type=\"container\" data-e-type=\"container\" data-settings=\"{&quot;animation&quot;:&quot;fadeInDown&quot;}\">\n\t\t\t\t<div class=\"elementor-element elementor-element-ef723d9 animated-slow elementor-invisible elementor-widget elementor-widget-image\" data-id=\"ef723d9\" data-element_type=\"widget\" data-e-type=\"widget\" data-settings=\"{&quot;_animation&quot;:&quot;fadeInDown&quot;}\" data-widget_type=\"image.default\">\n\t\t\t\t\t\t\t\t\t\t\t\t\t\t\t<img loading=\"lazy\" decoding=\"async\" width=\"960\" height=\"640\" src=\"https:\/\/nopuri.com\/wp-content\/uploads\/2026\/01\/Arbitration-mediation-_-dispute-advisory_0.jpg\" class=\"attachment-full size-full wp-image-1747\" alt=\"\" srcset=\"https:\/\/nopuri.com\/wp-content\/uploads\/2026\/01\/Arbitration-mediation-_-dispute-advisory_0.jpg 960w, https:\/\/nopuri.com\/wp-content\/uploads\/2026\/01\/Arbitration-mediation-_-dispute-advisory_0-300x200.jpg 300w, https:\/\/nopuri.com\/wp-content\/uploads\/2026\/01\/Arbitration-mediation-_-dispute-advisory_0-768x512.jpg 768w\" sizes=\"(max-width: 960px) 100vw, 960px\" \/>\t\t\t\t\t\t\t\t\t\t\t\t\t\t\t<\/div>\n\t\t\t\t<\/div>\n\t\t\t\t\t<\/div>\n\t\t\t\t<\/div>\n\t\t<div class=\"elementor-element elementor-element-3520a00 e-flex e-con-boxed e-con e-parent\" data-id=\"3520a00\" data-element_type=\"container\" data-e-type=\"container\">\n\t\t\t\t\t<div class=\"e-con-inner\">\n\t\t\t\t<div class=\"elementor-element elementor-element-1dd6696 elementor-align-center elementor-widget elementor-widget-button\" data-id=\"1dd6696\" data-element_type=\"widget\" data-e-type=\"widget\" data-widget_type=\"button.default\">\n\t\t\t\t\t\t\t\t\t\t<a class=\"elementor-button elementor-button-link elementor-size-sm\" href=\"https:\/\/nopuri.com\/fr\/contact-us\/\">\n\t\t\t\t\t\t<span class=\"elementor-button-content-wrapper\">\n\t\t\t\t\t\t\t\t\t<span class=\"elementor-button-text\">Lancer une consultation strat\u00e9gique<\/span>\n\t\t\t\t\t<\/span>\n\t\t\t\t\t<\/a>\n\t\t\t\t\t\t\t\t<\/div>\n\t\t\t\t\t<\/div>\n\t\t\t\t<\/div>\n\t\t\t\t<\/div>\n\t\t","protected":false},"excerpt":{"rendered":"<p>Fusions et Acquisitions (M&amp;A), Conseil en Transaction et Investissement Structuration strat\u00e9gique des transactions et excellence op\u00e9rationnelle. Nous naviguons dans les complexit\u00e9s des fusions-acquisitions avec une perspective juridique orient\u00e9e business. Nos services couvrent la gestion de bout en bout des transactions, de l&rsquo;audit pr\u00e9alable sophistiqu\u00e9 et de l&rsquo;\u00e9valuation \u00e0 la n\u00e9gociation strat\u00e9gique et \u00e0 la cl\u00f4ture [&hellip;]<\/p>\n","protected":false},"author":1,"featured_media":0,"parent":0,"menu_order":0,"comment_status":"closed","ping_status":"closed","template":"","meta":{"footnotes":""},"class_list":["post-1812","page","type-page","status-publish","hentry"],"_links":{"self":[{"href":"https:\/\/nopuri.com\/fr\/wp-json\/wp\/v2\/pages\/1812","targetHints":{"allow":["GET"]}}],"collection":[{"href":"https:\/\/nopuri.com\/fr\/wp-json\/wp\/v2\/pages"}],"about":[{"href":"https:\/\/nopuri.com\/fr\/wp-json\/wp\/v2\/types\/page"}],"author":[{"embeddable":true,"href":"https:\/\/nopuri.com\/fr\/wp-json\/wp\/v2\/users\/1"}],"replies":[{"embeddable":true,"href":"https:\/\/nopuri.com\/fr\/wp-json\/wp\/v2\/comments?post=1812"}],"version-history":[{"count":7,"href":"https:\/\/nopuri.com\/fr\/wp-json\/wp\/v2\/pages\/1812\/revisions"}],"predecessor-version":[{"id":2011,"href":"https:\/\/nopuri.com\/fr\/wp-json\/wp\/v2\/pages\/1812\/revisions\/2011"}],"wp:attachment":[{"href":"https:\/\/nopuri.com\/fr\/wp-json\/wp\/v2\/media?parent=1812"}],"curies":[{"name":"wp","href":"https:\/\/api.w.org\/{rel}","templated":true}]}}