{"id":1810,"date":"2021-11-09T08:36:29","date_gmt":"2021-11-09T01:36:29","guid":{"rendered":"https:\/\/nopuri.com\/hotel-residential-craftsmanship\/"},"modified":"2026-01-16T15:08:24","modified_gmt":"2026-01-16T08:08:24","slug":"hotel-residential-craftsmanship","status":"publish","type":"page","link":"https:\/\/nopuri.com\/fr\/hotel-residential-craftsmanship\/","title":{"rendered":"Savoir-faire H\u00f4telier et R\u00e9sidentiel"},"content":{"rendered":"\t\t<div data-elementor-type=\"wp-page\" data-elementor-id=\"1810\" class=\"elementor elementor-1810 elementor-10\" data-elementor-post-type=\"page\">\n\t\t\t\t<div class=\"elementor-element elementor-element-e177869 e-con-full e-flex e-con e-parent\" data-id=\"e177869\" data-element_type=\"container\" data-e-type=\"container\" data-settings=\"{&quot;background_background&quot;:&quot;classic&quot;}\">\n\t\t<div class=\"elementor-element elementor-element-0327153 e-con-full e-flex e-con e-child\" data-id=\"0327153\" data-element_type=\"container\" data-e-type=\"container\">\n\t\t\t\t<\/div>\n\t\t\t\t<\/div>\n\t\t<div class=\"elementor-element elementor-element-42490ea e-flex e-con-boxed e-con e-parent\" data-id=\"42490ea\" data-element_type=\"container\" data-e-type=\"container\" data-settings=\"{&quot;background_background&quot;:&quot;classic&quot;}\">\n\t\t\t\t\t<div class=\"e-con-inner\">\n\t\t<div class=\"elementor-element elementor-element-7eb2d58 e-con-full e-flex elementor-invisible e-con e-child\" data-id=\"7eb2d58\" data-element_type=\"container\" data-e-type=\"container\" data-settings=\"{&quot;animation&quot;:&quot;fadeInDown&quot;}\">\n\t\t\t\t<div class=\"elementor-element elementor-element-6ad56ea animated-slow elementor-invisible elementor-widget elementor-widget-image\" data-id=\"6ad56ea\" data-element_type=\"widget\" data-e-type=\"widget\" data-settings=\"{&quot;_animation&quot;:&quot;fadeInDown&quot;}\" data-widget_type=\"image.default\">\n\t\t\t\t\t\t\t\t\t\t\t\t\t\t\t<img fetchpriority=\"high\" decoding=\"async\" width=\"960\" height=\"640\" src=\"https:\/\/nopuri.com\/wp-content\/uploads\/2021\/12\/Contemporary-Landscaping-Design-9.jpg\" class=\"attachment-full size-full wp-image-898\" alt=\"\" srcset=\"https:\/\/nopuri.com\/wp-content\/uploads\/2021\/12\/Contemporary-Landscaping-Design-9.jpg 960w, https:\/\/nopuri.com\/wp-content\/uploads\/2021\/12\/Contemporary-Landscaping-Design-9-300x200.jpg 300w, https:\/\/nopuri.com\/wp-content\/uploads\/2021\/12\/Contemporary-Landscaping-Design-9-768x512.jpg 768w\" sizes=\"(max-width: 960px) 100vw, 960px\" \/>\t\t\t\t\t\t\t\t\t\t\t\t\t\t\t<\/div>\n\t\t\t\t<\/div>\n\t\t<div class=\"elementor-element elementor-element-0e4ca03 animated-slow e-con-full e-flex elementor-invisible e-con e-child\" data-id=\"0e4ca03\" data-element_type=\"container\" data-e-type=\"container\" data-settings=\"{&quot;animation&quot;:&quot;fadeInDown&quot;}\">\n\t\t\t\t<div class=\"elementor-element elementor-element-8ae627d animated-slow elementor-invisible elementor-widget elementor-widget-heading\" data-id=\"8ae627d\" data-element_type=\"widget\" data-e-type=\"widget\" data-settings=\"{&quot;_animation&quot;:&quot;fadeInDown&quot;}\" data-widget_type=\"heading.default\">\n\t\t\t\t\t<h5 class=\"elementor-heading-title elementor-size-default\">Commissariat Architectural et d'Int\u00e9rieur.<\/h5>\t\t\t\t<\/div>\n\t\t\t\t<div class=\"elementor-element elementor-element-c6f0ac8 animated-slow elementor-invisible elementor-widget elementor-widget-text-editor\" data-id=\"c6f0ac8\" data-element_type=\"widget\" data-e-type=\"widget\" data-settings=\"{&quot;_animation&quot;:&quot;fadeInDown&quot;}\" data-widget_type=\"text-editor.default\">\n\t\t\t\t\t\t\t\t\t<p style=\"text-align: center;\"><strong>Gouvernance architecturale sur mesure et int\u00e9rieurs d&rsquo;exception.<\/strong> <br \/>Nous assurons une int\u00e9gration fluide entre design visionnaire et ex\u00e9cution technique pour les r\u00e9sidences de luxe et les monuments h\u00f4teliers. Notre approche se concentre sur la gouvernance du design, garantissant que chaque projet refl\u00e8te l&rsquo;identit\u00e9 unique du client tout en respectant les normes les plus \u00e9lev\u00e9es d&rsquo;int\u00e9grit\u00e9 de projet et de conformit\u00e9 r\u00e9glementaire. <\/p>\t\t\t\t\t\t\t\t<\/div>\n\t\t\t\t<\/div>\n\t\t\t\t\t<\/div>\n\t\t\t\t<\/div>\n\t\t<div class=\"elementor-element elementor-element-35b0cb9 e-flex e-con-boxed e-con e-parent\" data-id=\"35b0cb9\" data-element_type=\"container\" data-e-type=\"container\" data-settings=\"{&quot;background_background&quot;:&quot;classic&quot;}\">\n\t\t\t\t\t<div class=\"e-con-inner\">\n\t\t<div class=\"elementor-element elementor-element-cc9dfe1 animated-slow e-con-full e-flex elementor-invisible e-con e-child\" data-id=\"cc9dfe1\" data-element_type=\"container\" data-e-type=\"container\" data-settings=\"{&quot;animation&quot;:&quot;fadeInDown&quot;}\">\n\t\t\t\t<div class=\"elementor-element elementor-element-dbf4304 animated-slow elementor-invisible elementor-widget elementor-widget-heading\" data-id=\"dbf4304\" data-element_type=\"widget\" data-e-type=\"widget\" data-settings=\"{&quot;_animation&quot;:&quot;fadeInDown&quot;}\" data-widget_type=\"heading.default\">\n\t\t\t\t\t<h5 class=\"elementor-heading-title elementor-size-default\">Architecture Paysag\u00e8re et Art Environnemental.<\/h5>\t\t\t\t<\/div>\n\t\t\t\t<div class=\"elementor-element elementor-element-8367af2 animated-slow elementor-invisible elementor-widget elementor-widget-text-editor\" data-id=\"8367af2\" data-element_type=\"widget\" data-e-type=\"widget\" data-settings=\"{&quot;_animation&quot;:&quot;fadeInDown&quot;}\" data-widget_type=\"text-editor.default\">\n\t\t\t\t\t\t\t\t\t<p style=\"text-align: center;\"><strong>Architecture paysag\u00e8re strat\u00e9gique et planification directrice.<\/strong> <br \/>Au-del\u00e0 de l&rsquo;esth\u00e9tique, nous cr\u00e9ons des environnements ext\u00e9rieurs qui servent d&rsquo;extension au r\u00e9cit architectural. Nous nous sp\u00e9cialisons dans la transformation de terrains en actifs culturels de valeur, incorporant des caract\u00e9ristiques ornementales et une planification directrice durable qui am\u00e9liorent \u00e0 la fois l&rsquo;exp\u00e9rience de vie et l&rsquo;\u00e9valuation immobili\u00e8re \u00e0 long terme. <\/p>\t\t\t\t\t\t\t\t<\/div>\n\t\t\t\t<\/div>\n\t\t<div class=\"elementor-element elementor-element-77ae545 e-con-full e-flex elementor-invisible e-con e-child\" data-id=\"77ae545\" data-element_type=\"container\" data-e-type=\"container\" data-settings=\"{&quot;animation&quot;:&quot;fadeInDown&quot;}\">\n\t\t\t\t<div class=\"elementor-element elementor-element-0f7cc5f animated-slow elementor-invisible elementor-widget elementor-widget-image\" data-id=\"0f7cc5f\" data-element_type=\"widget\" data-e-type=\"widget\" data-settings=\"{&quot;_animation&quot;:&quot;fadeInDown&quot;}\" data-widget_type=\"image.default\">\n\t\t\t\t\t\t\t\t\t\t\t\t\t\t\t<img decoding=\"async\" width=\"960\" height=\"640\" src=\"https:\/\/nopuri.com\/wp-content\/uploads\/2021\/12\/Hotel2.jpg\" class=\"attachment-full size-full wp-image-928\" alt=\"\" srcset=\"https:\/\/nopuri.com\/wp-content\/uploads\/2021\/12\/Hotel2.jpg 960w, https:\/\/nopuri.com\/wp-content\/uploads\/2021\/12\/Hotel2-300x200.jpg 300w, https:\/\/nopuri.com\/wp-content\/uploads\/2021\/12\/Hotel2-768x512.jpg 768w\" sizes=\"(max-width: 960px) 100vw, 960px\" \/>\t\t\t\t\t\t\t\t\t\t\t\t\t\t\t<\/div>\n\t\t\t\t<\/div>\n\t\t\t\t\t<\/div>\n\t\t\t\t<\/div>\n\t\t<div class=\"elementor-element elementor-element-76d8534 e-flex e-con-boxed e-con e-parent\" data-id=\"76d8534\" data-element_type=\"container\" data-e-type=\"container\" data-settings=\"{&quot;background_background&quot;:&quot;classic&quot;}\">\n\t\t\t\t\t<div class=\"e-con-inner\">\n\t\t<div class=\"elementor-element elementor-element-8a039b9 e-con-full e-flex elementor-invisible e-con e-child\" data-id=\"8a039b9\" data-element_type=\"container\" data-e-type=\"container\" data-settings=\"{&quot;animation&quot;:&quot;fadeInDown&quot;}\">\n\t\t\t\t<div class=\"elementor-element elementor-element-80e3cef animated-slow elementor-invisible elementor-widget elementor-widget-image\" data-id=\"80e3cef\" data-element_type=\"widget\" data-e-type=\"widget\" data-settings=\"{&quot;_animation&quot;:&quot;fadeInDown&quot;}\" data-widget_type=\"image.default\">\n\t\t\t\t\t\t\t\t\t\t\t\t\t\t\t<img decoding=\"async\" width=\"960\" height=\"640\" src=\"https:\/\/nopuri.com\/wp-content\/uploads\/2021\/12\/Artwork-Collection-11.jpg\" class=\"attachment-full size-full wp-image-900\" alt=\"\" srcset=\"https:\/\/nopuri.com\/wp-content\/uploads\/2021\/12\/Artwork-Collection-11.jpg 960w, https:\/\/nopuri.com\/wp-content\/uploads\/2021\/12\/Artwork-Collection-11-300x200.jpg 300w, https:\/\/nopuri.com\/wp-content\/uploads\/2021\/12\/Artwork-Collection-11-768x512.jpg 768w\" sizes=\"(max-width: 960px) 100vw, 960px\" \/>\t\t\t\t\t\t\t\t\t\t\t\t\t\t\t<\/div>\n\t\t\t\t<\/div>\n\t\t<div class=\"elementor-element elementor-element-f83695e animated-slow e-con-full e-flex elementor-invisible e-con e-child\" data-id=\"f83695e\" data-element_type=\"container\" data-e-type=\"container\" data-settings=\"{&quot;animation&quot;:&quot;fadeInDown&quot;}\">\n\t\t\t\t<div class=\"elementor-element elementor-element-70301a1 animated-slow elementor-invisible elementor-widget elementor-widget-heading\" data-id=\"70301a1\" data-element_type=\"widget\" data-e-type=\"widget\" data-settings=\"{&quot;_animation&quot;:&quot;fadeInDown&quot;}\" data-widget_type=\"heading.default\">\n\t\t\t\t\t<h5 class=\"elementor-heading-title elementor-size-default\">Conseil en Art Exclusif, Sculpture et Acquisition.<\/h5>\t\t\t\t<\/div>\n\t\t\t\t<div class=\"elementor-element elementor-element-f839cae animated-slow elementor-invisible elementor-widget elementor-widget-text-editor\" data-id=\"f839cae\" data-element_type=\"widget\" data-e-type=\"widget\" data-settings=\"{&quot;_animation&quot;:&quot;fadeInDown&quot;}\" data-widget_type=\"text-editor.default\">\n\t\t\t\t\t\t\t\t\t<p style=\"text-align: center;\"><strong>Sculpture sur mesure et conseil en beaux-arts.<\/strong> <br \/>Gr\u00e2ce \u00e0 notre expertise sp\u00e9cialis\u00e9e en sculpture et en design artistique, nous assistons les particuliers \u00e0 haut patrimoine et les op\u00e9rateurs de luxe dans l&rsquo;acquisition et la commande d&rsquo;\u0153uvres d&rsquo;art significatives. Nous g\u00e9rons l&rsquo;int\u00e9gralit\u00e9 du processus, de la conceptualisation au placement, en veillant \u00e0 ce que chaque pi\u00e8ce s&rsquo;aligne avec le prestige du domaine et l&rsquo;h\u00e9ritage du propri\u00e9taire. <\/p>\t\t\t\t\t\t\t\t<\/div>\n\t\t\t\t<\/div>\n\t\t\t\t\t<\/div>\n\t\t\t\t<\/div>\n\t\t<div class=\"elementor-element elementor-element-c33a284 e-flex e-con-boxed e-con e-parent\" data-id=\"c33a284\" data-element_type=\"container\" data-e-type=\"container\">\n\t\t\t\t\t<div class=\"e-con-inner\">\n\t\t\t\t<div class=\"elementor-element elementor-element-52ef717 elementor-align-center elementor-widget elementor-widget-button\" data-id=\"52ef717\" data-element_type=\"widget\" data-e-type=\"widget\" data-widget_type=\"button.default\">\n\t\t\t\t\t\t\t\t\t\t<a class=\"elementor-button elementor-button-link elementor-size-sm\" href=\"https:\/\/nopuri.com\/fr\/contact-us\/\">\n\t\t\t\t\t\t<span class=\"elementor-button-content-wrapper\">\n\t\t\t\t\t\t\t\t\t<span class=\"elementor-button-text\">Lancer une consultation strat\u00e9gique<\/span>\n\t\t\t\t\t<\/span>\n\t\t\t\t\t<\/a>\n\t\t\t\t\t\t\t\t<\/div>\n\t\t\t\t\t<\/div>\n\t\t\t\t<\/div>\n\t\t\t\t<\/div>\n\t\t","protected":false},"excerpt":{"rendered":"<p>Commissariat Architectural et d&rsquo;Int\u00e9rieur. Gouvernance architecturale sur mesure et int\u00e9rieurs d&rsquo;exception. Nous assurons une int\u00e9gration fluide entre design visionnaire et ex\u00e9cution technique pour les r\u00e9sidences de luxe et les monuments h\u00f4teliers. Notre approche se concentre sur la gouvernance du design, garantissant que chaque projet refl\u00e8te l&rsquo;identit\u00e9 unique du client tout en respectant les normes les [&hellip;]<\/p>\n","protected":false},"author":1,"featured_media":0,"parent":0,"menu_order":0,"comment_status":"closed","ping_status":"closed","template":"","meta":{"footnotes":""},"class_list":["post-1810","page","type-page","status-publish","hentry"],"_links":{"self":[{"href":"https:\/\/nopuri.com\/fr\/wp-json\/wp\/v2\/pages\/1810","targetHints":{"allow":["GET"]}}],"collection":[{"href":"https:\/\/nopuri.com\/fr\/wp-json\/wp\/v2\/pages"}],"about":[{"href":"https:\/\/nopuri.com\/fr\/wp-json\/wp\/v2\/types\/page"}],"author":[{"embeddable":true,"href":"https:\/\/nopuri.com\/fr\/wp-json\/wp\/v2\/users\/1"}],"replies":[{"embeddable":true,"href":"https:\/\/nopuri.com\/fr\/wp-json\/wp\/v2\/comments?post=1810"}],"version-history":[{"count":11,"href":"https:\/\/nopuri.com\/fr\/wp-json\/wp\/v2\/pages\/1810\/revisions"}],"predecessor-version":[{"id":2056,"href":"https:\/\/nopuri.com\/fr\/wp-json\/wp\/v2\/pages\/1810\/revisions\/2056"}],"wp:attachment":[{"href":"https:\/\/nopuri.com\/fr\/wp-json\/wp\/v2\/media?parent=1810"}],"curies":[{"name":"wp","href":"https:\/\/api.w.org\/{rel}","templated":true}]}}