{"id":1806,"date":"2021-11-09T08:36:02","date_gmt":"2021-11-09T01:36:02","guid":{"rendered":"https:\/\/nopuri.com\/hospitality-consultancy\/"},"modified":"2026-01-13T15:55:44","modified_gmt":"2026-01-13T08:55:44","slug":"hospitality-consultancy","status":"publish","type":"page","link":"https:\/\/nopuri.com\/fr\/hospitality-consultancy\/","title":{"rendered":"Conseil en Strat\u00e9gie H\u00f4teli\u00e8re"},"content":{"rendered":"\t\t<div data-elementor-type=\"wp-page\" data-elementor-id=\"1806\" class=\"elementor elementor-1806 elementor-6\" data-elementor-post-type=\"page\">\n\t\t\t\t<div class=\"elementor-element elementor-element-bb815ff e-con-full e-flex e-con e-parent\" data-id=\"bb815ff\" data-element_type=\"container\" data-e-type=\"container\" data-settings=\"{&quot;background_background&quot;:&quot;classic&quot;}\">\n\t\t<div class=\"elementor-element elementor-element-9298a4f e-con-full e-flex e-con e-child\" data-id=\"9298a4f\" data-element_type=\"container\" data-e-type=\"container\">\n\t\t\t\t<\/div>\n\t\t\t\t<\/div>\n\t\t<div class=\"elementor-element elementor-element-2b720eb e-flex e-con-boxed e-con e-parent\" data-id=\"2b720eb\" data-element_type=\"container\" data-e-type=\"container\" data-settings=\"{&quot;background_background&quot;:&quot;classic&quot;}\">\n\t\t\t\t\t<div class=\"e-con-inner\">\n\t\t<div class=\"elementor-element elementor-element-5fcd631 e-con-full e-flex elementor-invisible e-con e-child\" data-id=\"5fcd631\" data-element_type=\"container\" data-e-type=\"container\" data-settings=\"{&quot;animation&quot;:&quot;fadeInDown&quot;}\">\n\t\t\t\t<div class=\"elementor-element elementor-element-7646de0 animated-slow elementor-invisible elementor-widget elementor-widget-image\" data-id=\"7646de0\" data-element_type=\"widget\" data-e-type=\"widget\" data-settings=\"{&quot;_animation&quot;:&quot;fadeInDown&quot;}\" data-widget_type=\"image.default\">\n\t\t\t\t\t\t\t\t\t\t\t\t\t\t\t<img fetchpriority=\"high\" decoding=\"async\" width=\"960\" height=\"640\" src=\"https:\/\/nopuri.com\/wp-content\/uploads\/2021\/12\/Hospitality-Operational-Consultancy-4.jpg\" class=\"attachment-full size-full wp-image-878\" alt=\"\" srcset=\"https:\/\/nopuri.com\/wp-content\/uploads\/2021\/12\/Hospitality-Operational-Consultancy-4.jpg 960w, https:\/\/nopuri.com\/wp-content\/uploads\/2021\/12\/Hospitality-Operational-Consultancy-4-300x200.jpg 300w, https:\/\/nopuri.com\/wp-content\/uploads\/2021\/12\/Hospitality-Operational-Consultancy-4-768x512.jpg 768w\" sizes=\"(max-width: 960px) 100vw, 960px\" \/>\t\t\t\t\t\t\t\t\t\t\t\t\t\t\t<\/div>\n\t\t\t\t<\/div>\n\t\t<div class=\"elementor-element elementor-element-c5f3a5d animated-slow e-con-full e-flex elementor-invisible e-con e-child\" data-id=\"c5f3a5d\" data-element_type=\"container\" data-e-type=\"container\" data-settings=\"{&quot;animation&quot;:&quot;fadeInDown&quot;}\">\n\t\t\t\t<div class=\"elementor-element elementor-element-d4c1dec animated-slow elementor-invisible elementor-widget elementor-widget-heading\" data-id=\"d4c1dec\" data-element_type=\"widget\" data-e-type=\"widget\" data-settings=\"{&quot;_animation&quot;:&quot;fadeInDown&quot;}\" data-widget_type=\"heading.default\">\n\t\t\t\t\t<h5 class=\"elementor-heading-title elementor-size-default\">Strat\u00e9gie et D\u00e9veloppement de Concept.<\/h5>\t\t\t\t<\/div>\n\t\t\t\t<div class=\"elementor-element elementor-element-1412d60 animated-slow elementor-invisible elementor-widget elementor-widget-text-editor\" data-id=\"1412d60\" data-element_type=\"widget\" data-e-type=\"widget\" data-settings=\"{&quot;_animation&quot;:&quot;fadeInDown&quot;}\" data-widget_type=\"text-editor.default\">\n\t\t\t\t\t\t\t\t\t<p><strong>De la vision \u00e0 la viabilit\u00e9 : une entr\u00e9e sur le march\u00e9 sans faille.<\/strong> <br \/>Nous transformons des concepts visionnaires en mod\u00e8les d&rsquo;affaires op\u00e9rationnellement sains. De la strat\u00e9gie initiale de pr\u00e9-ouverture au design HORECA et au positionnement de marque, nous veillons \u00e0 ce que votre \u00e9tablissement entre sur le march\u00e9 avec un avantage concurrentiel et un ADN de haute performance. <\/p>\t\t\t\t\t\t\t\t<\/div>\n\t\t\t\t<\/div>\n\t\t\t\t\t<\/div>\n\t\t\t\t<\/div>\n\t\t<div class=\"elementor-element elementor-element-0264aa4 e-flex e-con-boxed e-con e-parent\" data-id=\"0264aa4\" data-element_type=\"container\" data-e-type=\"container\" data-settings=\"{&quot;background_background&quot;:&quot;classic&quot;}\">\n\t\t\t\t\t<div class=\"e-con-inner\">\n\t\t<div class=\"elementor-element elementor-element-78f8c7e animated-slow e-con-full e-flex elementor-invisible e-con e-child\" data-id=\"78f8c7e\" data-element_type=\"container\" data-e-type=\"container\" data-settings=\"{&quot;animation&quot;:&quot;fadeInDown&quot;}\">\n\t\t\t\t<div class=\"elementor-element elementor-element-6ced562 animated-slow elementor-invisible elementor-widget elementor-widget-heading\" data-id=\"6ced562\" data-element_type=\"widget\" data-e-type=\"widget\" data-settings=\"{&quot;_animation&quot;:&quot;fadeInDown&quot;}\" data-widget_type=\"heading.default\">\n\t\t\t\t\t<h5 class=\"elementor-heading-title elementor-size-default\">Int\u00e9grit\u00e9 Op\u00e9rationnelle et Performance.<\/h5>\t\t\t\t<\/div>\n\t\t\t\t<div class=\"elementor-element elementor-element-25e3746 animated-slow elementor-invisible elementor-widget elementor-widget-text-editor\" data-id=\"25e3746\" data-element_type=\"widget\" data-e-type=\"widget\" data-settings=\"{&quot;_animation&quot;:&quot;fadeInDown&quot;}\" data-widget_type=\"text-editor.default\">\n\t\t\t\t\t\t\t\t\t<p><strong>S\u00e9curiser la valeur par l&rsquo;excellence op\u00e9rationnelle.<\/strong> <br \/>Au-del\u00e0 des audits de routine, nous assurons une surveillance financi\u00e8re et op\u00e9rationnelle rigoureuse du secteur F&amp;B. Notre approche se concentre sur l&rsquo;att\u00e9nuation des risques, l&rsquo;optimisation des frais g\u00e9n\u00e9raux et la garantie que votre entreprise adh\u00e8re aux normes mondiales les plus \u00e9lev\u00e9es en mati\u00e8re d&rsquo;efficacit\u00e9 et de qualit\u00e9 de service. <\/p>\t\t\t\t\t\t\t\t<\/div>\n\t\t\t\t<\/div>\n\t\t<div class=\"elementor-element elementor-element-f467717 e-con-full e-flex elementor-invisible e-con e-child\" data-id=\"f467717\" data-element_type=\"container\" data-e-type=\"container\" data-settings=\"{&quot;animation&quot;:&quot;fadeInDown&quot;}\">\n\t\t\t\t<div class=\"elementor-element elementor-element-f702624 animated-slow elementor-invisible elementor-widget elementor-widget-image\" data-id=\"f702624\" data-element_type=\"widget\" data-e-type=\"widget\" data-settings=\"{&quot;_animation&quot;:&quot;fadeInDown&quot;}\" data-widget_type=\"image.default\">\n\t\t\t\t\t\t\t\t\t\t\t\t\t\t\t<img decoding=\"async\" width=\"960\" height=\"640\" src=\"https:\/\/nopuri.com\/wp-content\/uploads\/2021\/12\/HORECA-Design-Concept-5.jpg\" class=\"attachment-full size-full wp-image-879\" alt=\"\" srcset=\"https:\/\/nopuri.com\/wp-content\/uploads\/2021\/12\/HORECA-Design-Concept-5.jpg 960w, https:\/\/nopuri.com\/wp-content\/uploads\/2021\/12\/HORECA-Design-Concept-5-300x200.jpg 300w, https:\/\/nopuri.com\/wp-content\/uploads\/2021\/12\/HORECA-Design-Concept-5-768x512.jpg 768w\" sizes=\"(max-width: 960px) 100vw, 960px\" \/>\t\t\t\t\t\t\t\t\t\t\t\t\t\t\t<\/div>\n\t\t\t\t<\/div>\n\t\t\t\t\t<\/div>\n\t\t\t\t<\/div>\n\t\t<div class=\"elementor-element elementor-element-614588c e-flex e-con-boxed e-con e-parent\" data-id=\"614588c\" data-element_type=\"container\" data-e-type=\"container\" data-settings=\"{&quot;background_background&quot;:&quot;classic&quot;}\">\n\t\t\t\t\t<div class=\"e-con-inner\">\n\t\t<div class=\"elementor-element elementor-element-7112e9c e-con-full e-flex elementor-invisible e-con e-child\" data-id=\"7112e9c\" data-element_type=\"container\" data-e-type=\"container\" data-settings=\"{&quot;animation&quot;:&quot;fadeInDown&quot;}\">\n\t\t\t\t<div class=\"elementor-element elementor-element-b118294 animated-slow elementor-invisible elementor-widget elementor-widget-image\" data-id=\"b118294\" data-element_type=\"widget\" data-e-type=\"widget\" data-settings=\"{&quot;_animation&quot;:&quot;fadeInDown&quot;}\" data-widget_type=\"image.default\">\n\t\t\t\t\t\t\t\t\t\t\t\t\t\t\t<img decoding=\"async\" width=\"960\" height=\"640\" src=\"https:\/\/nopuri.com\/wp-content\/uploads\/2021\/12\/Hotel-Auditing-6-1.jpg\" class=\"attachment-full size-full wp-image-887\" alt=\"\" srcset=\"https:\/\/nopuri.com\/wp-content\/uploads\/2021\/12\/Hotel-Auditing-6-1.jpg 960w, https:\/\/nopuri.com\/wp-content\/uploads\/2021\/12\/Hotel-Auditing-6-1-300x200.jpg 300w, https:\/\/nopuri.com\/wp-content\/uploads\/2021\/12\/Hotel-Auditing-6-1-768x512.jpg 768w\" sizes=\"(max-width: 960px) 100vw, 960px\" \/>\t\t\t\t\t\t\t\t\t\t\t\t\t\t\t<\/div>\n\t\t\t\t<\/div>\n\t\t<div class=\"elementor-element elementor-element-a30ac4c animated-slow e-con-full e-flex elementor-invisible e-con e-child\" data-id=\"a30ac4c\" data-element_type=\"container\" data-e-type=\"container\" data-settings=\"{&quot;animation&quot;:&quot;fadeInDown&quot;}\">\n\t\t\t\t<div class=\"elementor-element elementor-element-a763316 animated-slow elementor-invisible elementor-widget elementor-widget-heading\" data-id=\"a763316\" data-element_type=\"widget\" data-e-type=\"widget\" data-settings=\"{&quot;_animation&quot;:&quot;fadeInDown&quot;}\" data-widget_type=\"heading.default\">\n\t\t\t\t\t<h5 class=\"elementor-heading-title elementor-size-default\">Investissement et Repr\u00e9sentation du Propri\u00e9taire<\/h5>\t\t\t\t<\/div>\n\t\t\t\t<div class=\"elementor-element elementor-element-245ecc4 animated-slow elementor-invisible elementor-widget elementor-widget-text-editor\" data-id=\"245ecc4\" data-element_type=\"widget\" data-e-type=\"widget\" data-settings=\"{&quot;_animation&quot;:&quot;fadeInDown&quot;}\" data-widget_type=\"text-editor.default\">\n\t\t\t\t\t\t\t\t\t<p><strong>Gouvernance strat\u00e9gique pour les actifs h\u00f4teliers.<\/strong><br \/>Nous comblons le foss\u00e9 entre les objectifs d&rsquo;investissement et la r\u00e9alit\u00e9 op\u00e9rationnelle. Sp\u00e9cialis\u00e9s dans l&rsquo;\u00e9valuation, l&rsquo;analyse de faisabilit\u00e9 et la repr\u00e9sentation des propri\u00e9taires, nous prot\u00e9geons vos int\u00e9r\u00eats et veillons \u00e0 ce que vos actifs h\u00f4teliers atteignent leur plein potentiel financier.<\/p>\t\t\t\t\t\t\t\t<\/div>\n\t\t\t\t<\/div>\n\t\t\t\t\t<\/div>\n\t\t\t\t<\/div>\n\t\t<div class=\"elementor-element elementor-element-c7ff2f0 e-flex e-con-boxed e-con e-parent\" data-id=\"c7ff2f0\" data-element_type=\"container\" data-e-type=\"container\">\n\t\t\t\t\t<div class=\"e-con-inner\">\n\t\t\t\t<div class=\"elementor-element elementor-element-eba7cf0 elementor-align-center elementor-widget elementor-widget-button\" data-id=\"eba7cf0\" data-element_type=\"widget\" data-e-type=\"widget\" data-widget_type=\"button.default\">\n\t\t\t\t\t\t\t\t\t\t<a class=\"elementor-button elementor-button-link elementor-size-sm\" href=\"https:\/\/nopuri.com\/fr\/contact-us\/\">\n\t\t\t\t\t\t<span class=\"elementor-button-content-wrapper\">\n\t\t\t\t\t\t\t\t\t<span class=\"elementor-button-text\">Lancer une consultation strat\u00e9gique<\/span>\n\t\t\t\t\t<\/span>\n\t\t\t\t\t<\/a>\n\t\t\t\t\t\t\t\t<\/div>\n\t\t\t\t\t<\/div>\n\t\t\t\t<\/div>\n\t\t\t\t<\/div>\n\t\t","protected":false},"excerpt":{"rendered":"<p>Strat\u00e9gie et D\u00e9veloppement de Concept. De la vision \u00e0 la viabilit\u00e9 : une entr\u00e9e sur le march\u00e9 sans faille. Nous transformons des concepts visionnaires en mod\u00e8les d&rsquo;affaires op\u00e9rationnellement sains. De la strat\u00e9gie initiale de pr\u00e9-ouverture au design HORECA et au positionnement de marque, nous veillons \u00e0 ce que votre \u00e9tablissement entre sur le march\u00e9 avec [&hellip;]<\/p>\n","protected":false},"author":1,"featured_media":0,"parent":0,"menu_order":0,"comment_status":"closed","ping_status":"closed","template":"","meta":{"footnotes":""},"class_list":["post-1806","page","type-page","status-publish","hentry"],"_links":{"self":[{"href":"https:\/\/nopuri.com\/fr\/wp-json\/wp\/v2\/pages\/1806","targetHints":{"allow":["GET"]}}],"collection":[{"href":"https:\/\/nopuri.com\/fr\/wp-json\/wp\/v2\/pages"}],"about":[{"href":"https:\/\/nopuri.com\/fr\/wp-json\/wp\/v2\/types\/page"}],"author":[{"embeddable":true,"href":"https:\/\/nopuri.com\/fr\/wp-json\/wp\/v2\/users\/1"}],"replies":[{"embeddable":true,"href":"https:\/\/nopuri.com\/fr\/wp-json\/wp\/v2\/comments?post=1806"}],"version-history":[{"count":10,"href":"https:\/\/nopuri.com\/fr\/wp-json\/wp\/v2\/pages\/1806\/revisions"}],"predecessor-version":[{"id":1996,"href":"https:\/\/nopuri.com\/fr\/wp-json\/wp\/v2\/pages\/1806\/revisions\/1996"}],"wp:attachment":[{"href":"https:\/\/nopuri.com\/fr\/wp-json\/wp\/v2\/media?parent=1806"}],"curies":[{"name":"wp","href":"https:\/\/api.w.org\/{rel}","templated":true}]}}