{"id":1800,"date":"2021-11-09T08:36:56","date_gmt":"2021-11-09T01:36:56","guid":{"rendered":"https:\/\/nopuri.com\/contact-us\/"},"modified":"2026-01-13T16:25:13","modified_gmt":"2026-01-13T09:25:13","slug":"contact-us","status":"publish","type":"page","link":"https:\/\/nopuri.com\/fr\/contact-us\/","title":{"rendered":"Contactez-nous"},"content":{"rendered":"\t\t<div data-elementor-type=\"wp-page\" data-elementor-id=\"1800\" class=\"elementor elementor-1800 elementor-14\" data-elementor-post-type=\"page\">\n\t\t\t\t<div class=\"elementor-element elementor-element-e55dc61 e-con-full e-flex e-con e-parent\" data-id=\"e55dc61\" data-element_type=\"container\" data-e-type=\"container\" data-settings=\"{&quot;background_background&quot;:&quot;classic&quot;}\">\n\t\t<div class=\"elementor-element elementor-element-1fb571a e-con-full e-flex e-con e-child\" data-id=\"1fb571a\" data-element_type=\"container\" data-e-type=\"container\">\n\t\t\t\t<\/div>\n\t\t\t\t<\/div>\n\t\t<div class=\"elementor-element elementor-element-001b795 e-flex e-con-boxed e-con e-parent\" data-id=\"001b795\" data-element_type=\"container\" data-e-type=\"container\" data-settings=\"{&quot;background_background&quot;:&quot;classic&quot;}\">\n\t\t\t\t\t<div class=\"e-con-inner\">\n\t\t<div class=\"elementor-element elementor-element-0eea818 e-con-full e-flex e-con e-child\" data-id=\"0eea818\" data-element_type=\"container\" data-e-type=\"container\">\n\t\t\t\t<div class=\"elementor-element elementor-element-503488b animated-slow elementor-invisible elementor-widget elementor-widget-heading\" data-id=\"503488b\" data-element_type=\"widget\" data-e-type=\"widget\" data-settings=\"{&quot;_animation&quot;:&quot;fadeInDown&quot;}\" data-widget_type=\"heading.default\">\n\t\t\t\t\t<h5 class=\"elementor-heading-title elementor-size-default\">Contactez-nous<\/h5>\t\t\t\t<\/div>\n\t\t<div class=\"elementor-element elementor-element-654937f e-con-full e-flex e-con e-child\" data-id=\"654937f\" data-element_type=\"container\" data-e-type=\"container\">\n\t\t<div class=\"elementor-element elementor-element-1d9af56 e-con-full e-flex e-con e-child\" data-id=\"1d9af56\" data-element_type=\"container\" data-e-type=\"container\">\n\t\t\t\t<div class=\"elementor-element elementor-element-4fbf3a6 elementor-widget elementor-widget-heading\" data-id=\"4fbf3a6\" data-element_type=\"widget\" data-e-type=\"widget\" data-widget_type=\"heading.default\">\n\t\t\t\t\t<h4 class=\"elementor-heading-title elementor-size-default\">Contactez-nous<\/h4>\t\t\t\t<\/div>\n\t\t\t\t<div class=\"elementor-element elementor-element-f7bbd34 elementor-button-align-center elementor-widget elementor-widget-form\" data-id=\"f7bbd34\" data-element_type=\"widget\" data-e-type=\"widget\" data-settings=\"{&quot;step_next_label&quot;:&quot;Next&quot;,&quot;step_previous_label&quot;:&quot;Previous&quot;,&quot;button_width&quot;:&quot;100&quot;,&quot;step_type&quot;:&quot;number_text&quot;,&quot;step_icon_shape&quot;:&quot;circle&quot;}\" data-widget_type=\"form.default\">\n\t\t\t\t\t\t\t<form class=\"elementor-form\" method=\"post\" name=\"New Form\" aria-label=\"New Form\">\n\t\t\t<input type=\"hidden\" name=\"post_id\" value=\"1800\"\/>\n\t\t\t<input type=\"hidden\" name=\"form_id\" value=\"f7bbd34\"\/>\n\t\t\t<input type=\"hidden\" name=\"referer_title\" value=\"Contactez-nous\" \/>\n\n\t\t\t\t\t\t\t<input type=\"hidden\" name=\"queried_id\" value=\"1800\"\/>\n\t\t\t\n\t\t\t<div class=\"elementor-form-fields-wrapper elementor-labels-above\">\n\t\t\t\t\t\t\t\t<div class=\"elementor-field-type-text elementor-field-group elementor-column elementor-field-group-name elementor-col-50 elementor-field-required\">\n\t\t\t\t\t\t\t\t\t\t\t\t<label for=\"form-field-name\" class=\"elementor-field-label\">\n\t\t\t\t\t\t\t\tNom complet \/ Organisation :\t\t\t\t\t\t\t<\/label>\n\t\t\t\t\t\t\t\t\t\t\t\t\t\t<input size=\"1\" type=\"text\" name=\"form_fields[name]\" id=\"form-field-name\" class=\"elementor-field elementor-size-sm  elementor-field-textual\" placeholder=\"\u00abVeuillez indiquer votre nom ou l&#039;entit\u00e9 que vous repr\u00e9sentez.\u00bb\" required=\"required\">\n\t\t\t\t\t\t\t\t\t\t\t<\/div>\n\t\t\t\t\t\t\t\t<div class=\"elementor-field-type-email elementor-field-group elementor-column elementor-field-group-email elementor-col-50 elementor-field-required\">\n\t\t\t\t\t\t\t\t\t\t\t\t<label for=\"form-field-email\" class=\"elementor-field-label\">\n\t\t\t\t\t\t\t\tEmail:\t\t\t\t\t\t\t<\/label>\n\t\t\t\t\t\t\t\t\t\t\t\t\t\t<input size=\"1\" type=\"email\" name=\"form_fields[email]\" id=\"form-field-email\" class=\"elementor-field elementor-size-sm  elementor-field-textual\" placeholder=\"\u00ab L\u00e0 o\u00f9 nous pouvons envoyer notre r\u00e9ponse pr\u00e9liminaire en toute s\u00e9curit\u00e9. \u00bb\" required=\"required\">\n\t\t\t\t\t\t\t\t\t\t\t<\/div>\n\t\t\t\t\t\t\t\t<div class=\"elementor-field-type-select elementor-field-group elementor-column elementor-field-group-field_6894b9f elementor-col-50\">\n\t\t\t\t\t\t\t\t\t\t\t\t<label for=\"form-field-field_6894b9f\" class=\"elementor-field-label\">\n\t\t\t\t\t\t\t\tDomaine d'int\u00e9r\u00eat strat\u00e9gique :\t\t\t\t\t\t\t<\/label>\n\t\t\t\t\t\t\t\t<div class=\"elementor-field elementor-select-wrapper remove-before \">\n\t\t\t<div class=\"select-caret-down-wrapper\">\n\t\t\t\t<svg aria-hidden=\"true\" class=\"e-font-icon-svg e-eicon-caret-down\" viewBox=\"0 0 571.4 571.4\" xmlns=\"http:\/\/www.w3.org\/2000\/svg\"><path d=\"M571 393Q571 407 561 418L311 668Q300 679 286 679T261 668L11 418Q0 407 0 393T11 368 36 357H536Q550 357 561 368T571 393Z\"><\/path><\/svg>\t\t\t<\/div>\n\t\t\t<select name=\"form_fields[field_6894b9f]\" id=\"form-field-field_6894b9f\" class=\"elementor-field-textual elementor-size-sm\">\n\t\t\t\t\t\t\t\t\t<option value=\"Conseil en Strat\u00e9gie H\u00f4teli\u00e8re\">Conseil en Strat\u00e9gie H\u00f4teli\u00e8re<\/option>\n\t\t\t\t\t\t\t\t\t<option value=\"Savoir-faire H\u00f4telier et R\u00e9sidentiel\">Savoir-faire H\u00f4telier et R\u00e9sidentiel<\/option>\n\t\t\t\t\t\t\t\t\t<option value=\"Conseil en Ing\u00e9nierie Patrimoniale\">Conseil en Ing\u00e9nierie Patrimoniale<\/option>\n\t\t\t\t\t\t\t\t\t<option value=\"Conseil Juridique et Strat\u00e9gique\">Conseil Juridique et Strat\u00e9gique<\/option>\n\t\t\t\t\t\t\t\t\t<option value=\"\"><\/option>\n\t\t\t\t\t\t\t<\/select>\n\t\t<\/div>\n\t\t\t\t\t\t<\/div>\n\t\t\t\t\t\t\t\t<div class=\"elementor-field-type-textarea elementor-field-group elementor-column elementor-field-group-message elementor-col-100\">\n\t\t\t\t\t\t\t\t\t\t\t\t<label for=\"form-field-message\" class=\"elementor-field-label\">\n\t\t\t\t\t\t\t\tR\u00e9sum\u00e9 de l'enqu\u00eate\u00a0:\t\t\t\t\t\t\t<\/label>\n\t\t\t\t\t\t<textarea class=\"elementor-field-textual elementor-field  elementor-size-sm\" name=\"form_fields[message]\" id=\"form-field-message\" rows=\"6\" placeholder=\"\u00ab D\u00e9crivez bri\u00e8vement vos besoins ou les d\u00e9fis que vous souhaitez relever. \u00bb\"><\/textarea>\t\t\t\t<\/div>\n\t\t\t\t\t\t\t\t<div class=\"elementor-field-type-html elementor-field-group elementor-column elementor-field-group-field_b7d8f46 elementor-col-100\">\n\t\t\t\t\tD\u00e9claration de confidentialit\u00e9 : \u00ab Toutes les demandes sont trait\u00e9es avec la plus grande discr\u00e9tion professionnelle et sont strictement r\u00e9gies par nos protocoles de confidentialit\u00e9. \u00bb\t\t\t\t<\/div>\n\t\t\t\t\t\t\t\t<div class=\"elementor-field-group elementor-column elementor-field-type-submit elementor-col-100 e-form__buttons\">\n\t\t\t\t\t<button class=\"elementor-button elementor-size-sm\" type=\"submit\">\n\t\t\t\t\t\t<span class=\"elementor-button-content-wrapper\">\n\t\t\t\t\t\t\t\t\t\t\t\t\t\t\t\t\t\t\t\t\t\t<span class=\"elementor-button-text\">Soumettre<\/span>\n\t\t\t\t\t\t\t\t\t\t\t\t\t<\/span>\n\t\t\t\t\t<\/button>\n\t\t\t\t<\/div>\n\t\t\t<\/div>\n\t\t<\/form>\n\t\t\t\t\t\t<\/div>\n\t\t\t\t<\/div>\n\t\t\t\t<\/div>\n\t\t\t\t<\/div>\n\t\t\t\t\t<\/div>\n\t\t\t\t<\/div>\n\t\t\t\t<\/div>\n\t\t","protected":false},"excerpt":{"rendered":"<p>Contactez-nous Contactez-nous<\/p>\n","protected":false},"author":1,"featured_media":0,"parent":0,"menu_order":0,"comment_status":"closed","ping_status":"closed","template":"","meta":{"footnotes":""},"class_list":["post-1800","page","type-page","status-publish","hentry"],"_links":{"self":[{"href":"https:\/\/nopuri.com\/fr\/wp-json\/wp\/v2\/pages\/1800","targetHints":{"allow":["GET"]}}],"collection":[{"href":"https:\/\/nopuri.com\/fr\/wp-json\/wp\/v2\/pages"}],"about":[{"href":"https:\/\/nopuri.com\/fr\/wp-json\/wp\/v2\/types\/page"}],"author":[{"embeddable":true,"href":"https:\/\/nopuri.com\/fr\/wp-json\/wp\/v2\/users\/1"}],"replies":[{"embeddable":true,"href":"https:\/\/nopuri.com\/fr\/wp-json\/wp\/v2\/comments?post=1800"}],"version-history":[{"count":4,"href":"https:\/\/nopuri.com\/fr\/wp-json\/wp\/v2\/pages\/1800\/revisions"}],"predecessor-version":[{"id":2019,"href":"https:\/\/nopuri.com\/fr\/wp-json\/wp\/v2\/pages\/1800\/revisions\/2019"}],"wp:attachment":[{"href":"https:\/\/nopuri.com\/fr\/wp-json\/wp\/v2\/media?parent=1800"}],"curies":[{"name":"wp","href":"https:\/\/api.w.org\/{rel}","templated":true}]}}