{"id":1798,"date":"2021-11-09T08:36:19","date_gmt":"2021-11-09T01:36:19","guid":{"rendered":"https:\/\/nopuri.com\/about-nopuri\/"},"modified":"2026-01-16T15:09:23","modified_gmt":"2026-01-16T08:09:23","slug":"about-nopuri","status":"publish","type":"page","link":"https:\/\/nopuri.com\/fr\/about-nopuri\/","title":{"rendered":"\u00c0 PROPOS DE NOPURI"},"content":{"rendered":"\t\t<div data-elementor-type=\"wp-page\" data-elementor-id=\"1798\" class=\"elementor elementor-1798 elementor-8\" data-elementor-post-type=\"page\">\n\t\t\t\t<div class=\"elementor-element elementor-element-3c51824 e-con-full e-flex e-con e-parent\" data-id=\"3c51824\" data-element_type=\"container\" data-e-type=\"container\" data-settings=\"{&quot;background_background&quot;:&quot;classic&quot;}\">\n\t\t<div class=\"elementor-element elementor-element-5f8668f e-con-full e-flex e-con e-child\" data-id=\"5f8668f\" data-element_type=\"container\" data-e-type=\"container\">\n\t\t\t\t<\/div>\n\t\t\t\t<\/div>\n\t\t<div class=\"elementor-element elementor-element-5a0777d e-flex e-con-boxed e-con e-parent\" data-id=\"5a0777d\" data-element_type=\"container\" data-e-type=\"container\" data-settings=\"{&quot;background_background&quot;:&quot;classic&quot;}\">\n\t\t\t\t\t<div class=\"e-con-inner\">\n\t\t<div class=\"elementor-element elementor-element-1534a4d animated-slow e-con-full e-flex elementor-invisible e-con e-child\" data-id=\"1534a4d\" data-element_type=\"container\" data-e-type=\"container\" data-settings=\"{&quot;animation&quot;:&quot;fadeInDown&quot;}\">\n\t\t\t\t<div class=\"elementor-element elementor-element-4b7e5c0 animated-slow elementor-invisible elementor-widget elementor-widget-heading\" data-id=\"4b7e5c0\" data-element_type=\"widget\" data-e-type=\"widget\" data-settings=\"{&quot;_animation&quot;:&quot;fadeInDown&quot;}\" data-widget_type=\"heading.default\">\n\t\t\t\t\t<h5 class=\"elementor-heading-title elementor-size-default\">Le Cabinet : Une synergie d'expertises mondiales<\/h5>\t\t\t\t<\/div>\n\t\t\t\t<div class=\"elementor-element elementor-element-08a740a animated-slow elementor-invisible elementor-widget elementor-widget-text-editor\" data-id=\"08a740a\" data-element_type=\"widget\" data-e-type=\"widget\" data-settings=\"{&quot;_animation&quot;:&quot;fadeInDown&quot;}\" data-widget_type=\"text-editor.default\">\n\t\t\t\t\t\t\t\t\t<p>Nopuri repose sur un collectif diversifi\u00e9 de leaders de l&rsquo;industrie, cumulant plus de quatre d\u00e9cennies d&rsquo;excellence dans les secteurs de l&rsquo;h\u00f4tellerie, du droit et du design artistique. Notre cabinet occupe une position unique gr\u00e2ce \u00e0 une \u00e9quipe pluridisciplinaire, int\u00e9grant les plus hauts standards de l&rsquo;h\u00f4tellerie internationale de luxe \u00e0 une pr\u00e9cision juridique et financi\u00e8re strat\u00e9gique.<\/p>\t\t\t\t\t\t\t\t<\/div>\n\t\t\t\t<div class=\"elementor-element elementor-element-787db87 animated-slow elementor-invisible elementor-widget elementor-widget-text-editor\" data-id=\"787db87\" data-element_type=\"widget\" data-e-type=\"widget\" data-settings=\"{&quot;_animation&quot;:&quot;fadeInDown&quot;}\" data-widget_type=\"text-editor.default\">\n\t\t\t\t\t\t\t\t\t<p>Notre conseil est compos\u00e9 de cadres dirigeants ayant fait leurs preuves au sein des plus grands groupes h\u00f4teliers 5 \u00e9toiles mondiaux, garantissant que notre conseil en h\u00f4tellerie est ancr\u00e9 dans l&rsquo;excellence op\u00e9rationnelle ultime. Ce c\u0153ur op\u00e9rationnel est soutenu par une infrastructure juridique et financi\u00e8re robuste. Notre \u00e9quipe de conseil financier est d\u00fbment agr\u00e9\u00e9e et apporte plus de 20 ans de pratique dans le secteur de l&rsquo;investissement, garantissant que toutes les strat\u00e9gies financi\u00e8res sont g\u00e9r\u00e9es avec une rigueur r\u00e9glementaire et une ma\u00eetrise technique. Nous sommes fiers de compter parmi nous des avocats qualifi\u00e9s, des juristes et des arbitres agr\u00e9\u00e9s qui assurent la gouvernance strat\u00e9gique, la restructuration d&rsquo;entreprise et les services de r\u00e9solution de litiges essentiels au paysage commercial complexe d&rsquo;aujourd&rsquo;hui. En collaboration avec nos architectes visionnaires et nos artistes de renom, Nopuri fait le pont entre le savoir-faire cr\u00e9atif et une rigoureuse int\u00e9grit\u00e9 commerciale et financi\u00e8re.<\/p>\t\t\t\t\t\t\t\t<\/div>\n\t\t\t\t<\/div>\n\t\t\t\t\t<\/div>\n\t\t\t\t<\/div>\n\t\t<div class=\"elementor-element elementor-element-69d59b6 e-flex e-con-boxed e-con e-parent\" data-id=\"69d59b6\" data-element_type=\"container\" data-e-type=\"container\" data-settings=\"{&quot;background_background&quot;:&quot;classic&quot;}\">\n\t\t\t\t\t<div class=\"e-con-inner\">\n\t\t<div class=\"elementor-element elementor-element-726c637 animated-slow e-con-full e-flex elementor-invisible e-con e-child\" data-id=\"726c637\" data-element_type=\"container\" data-e-type=\"container\" data-settings=\"{&quot;animation&quot;:&quot;fadeInDown&quot;}\">\n\t\t\t\t<div class=\"elementor-element elementor-element-ba90df4 animated-slow elementor-invisible elementor-widget elementor-widget-heading\" data-id=\"ba90df4\" data-element_type=\"widget\" data-e-type=\"widget\" data-settings=\"{&quot;_animation&quot;:&quot;fadeInDown&quot;}\" data-widget_type=\"heading.default\">\n\t\t\t\t\t<h5 class=\"elementor-heading-title elementor-size-default\">Nos Principes et Philosophie<\/h5>\t\t\t\t<\/div>\n\t\t\t\t<div class=\"elementor-element elementor-element-5a86e32 animated-slow elementor-invisible elementor-widget elementor-widget-text-editor\" data-id=\"5a86e32\" data-element_type=\"widget\" data-e-type=\"widget\" data-settings=\"{&quot;_animation&quot;:&quot;fadeInDown&quot;}\" data-widget_type=\"text-editor.default\">\n\t\t\t\t\t\t\t\t\t<ul><li><strong>R\u00e9sultats port\u00e9s par l&rsquo;int\u00e9grit\u00e9 :<\/strong> Nous croyons en une croissance organique et durable, avec une attention m\u00e9ticuleuse aux d\u00e9tails pour garantir que chaque projet d\u00e9passe les attentes strat\u00e9giques.<\/li><li><strong>Gouvernance \u00e9thique :<\/strong> Notre conseil est fond\u00e9 sur la confiance et les normes les plus \u00e9lev\u00e9es de gouvernance d&rsquo;entreprise, assurant la transparence de chaque transaction.<\/li><li><strong>Synergie pluridisciplinaire :<\/strong> Nous comblons le foss\u00e9 entre le leadership op\u00e9rationnel de classe mondiale, la ma\u00eetrise financi\u00e8re et la pr\u00e9cision juridique pour agir comme le partenaire d\u00e9finitif de nos clients.<\/li><\/ul>\t\t\t\t\t\t\t\t<\/div>\n\t\t\t\t<\/div>\n\t\t\t\t\t<\/div>\n\t\t\t\t<\/div>\n\t\t<div class=\"elementor-element elementor-element-32f2e2a e-flex e-con-boxed e-con e-parent\" data-id=\"32f2e2a\" data-element_type=\"container\" data-e-type=\"container\">\n\t\t\t\t\t<div class=\"e-con-inner\">\n\t\t\t\t<div class=\"elementor-element elementor-element-ac652ad elementor-align-center elementor-widget elementor-widget-button\" data-id=\"ac652ad\" data-element_type=\"widget\" data-e-type=\"widget\" data-widget_type=\"button.default\">\n\t\t\t\t\t\t\t\t\t\t<a class=\"elementor-button elementor-button-link elementor-size-sm\" href=\"https:\/\/nopuri.com\/fr\/contact-us\/\">\n\t\t\t\t\t\t<span class=\"elementor-button-content-wrapper\">\n\t\t\t\t\t\t\t\t\t<span class=\"elementor-button-text\">Lancer une consultation strat\u00e9gique<\/span>\n\t\t\t\t\t<\/span>\n\t\t\t\t\t<\/a>\n\t\t\t\t\t\t\t\t<\/div>\n\t\t\t\t\t<\/div>\n\t\t\t\t<\/div>\n\t\t\t\t<\/div>\n\t\t","protected":false},"excerpt":{"rendered":"<p>Le Cabinet : Une synergie d&rsquo;expertises mondiales Nopuri repose sur un collectif diversifi\u00e9 de leaders de l&rsquo;industrie, cumulant plus de quatre d\u00e9cennies d&rsquo;excellence dans les secteurs de l&rsquo;h\u00f4tellerie, du droit et du design artistique. Notre cabinet occupe une position unique gr\u00e2ce \u00e0 une \u00e9quipe pluridisciplinaire, int\u00e9grant les plus hauts standards de l&rsquo;h\u00f4tellerie internationale de luxe [&hellip;]<\/p>\n","protected":false},"author":1,"featured_media":0,"parent":0,"menu_order":0,"comment_status":"closed","ping_status":"closed","template":"","meta":{"footnotes":""},"class_list":["post-1798","page","type-page","status-publish","hentry"],"_links":{"self":[{"href":"https:\/\/nopuri.com\/fr\/wp-json\/wp\/v2\/pages\/1798","targetHints":{"allow":["GET"]}}],"collection":[{"href":"https:\/\/nopuri.com\/fr\/wp-json\/wp\/v2\/pages"}],"about":[{"href":"https:\/\/nopuri.com\/fr\/wp-json\/wp\/v2\/types\/page"}],"author":[{"embeddable":true,"href":"https:\/\/nopuri.com\/fr\/wp-json\/wp\/v2\/users\/1"}],"replies":[{"embeddable":true,"href":"https:\/\/nopuri.com\/fr\/wp-json\/wp\/v2\/comments?post=1798"}],"version-history":[{"count":8,"href":"https:\/\/nopuri.com\/fr\/wp-json\/wp\/v2\/pages\/1798\/revisions"}],"predecessor-version":[{"id":2062,"href":"https:\/\/nopuri.com\/fr\/wp-json\/wp\/v2\/pages\/1798\/revisions\/2062"}],"wp:attachment":[{"href":"https:\/\/nopuri.com\/fr\/wp-json\/wp\/v2\/media?parent=1798"}],"curies":[{"name":"wp","href":"https:\/\/api.w.org\/{rel}","templated":true}]}}